{"id":20,"date":"2021-10-12T08:07:59","date_gmt":"2021-10-12T06:07:59","guid":{"rendered":"https:\/\/bibliaaudio.pl\/sklep\/?page_id=20"},"modified":"2025-09-18T08:50:29","modified_gmt":"2025-09-18T06:50:29","slug":"o-nas","status":"publish","type":"page","link":"https:\/\/bibliaaudio.pl\/sklep\/o-nas\/","title":{"rendered":"O nas"},"content":{"rendered":"<p><strong>Biblia Audio Superprodukcja<\/strong>\u00a0to pe\u0142en zapis Pisma \u015awi\u0119tego, Starego i Nowego Testamentu. To najwi\u0119ksze s\u0142uchowisko radiowe w Europie. To wydarzenie kulturalne, spo\u0142eczne, edukacyjne i duchowe. S\u0142uchowisko cechuje wyj\u0105tkowa jako\u015b\u0107 wykonania, nagrane zosta\u0142o przez niemal 500 aktorek i aktor\u00f3w, 10 000 statyst\u00f3w. Jest w pe\u0142ni ud\u017awi\u0119kowione, ze specjalnie skomponowan\u0105 muzyk\u0105 symfoniczn\u0105. Udzia\u0142 w s\u0142uchowisku wzi\u0119li mi\u0119dzy innymi:\u00a0<strong>Adam Woronowicz (Jezus Chrystus), Jan Englert (Moj<\/strong><strong>\u017c<\/strong><strong>esz), Franciszek Pieczka (Abraham), Danuta Stenka (Judyta), Jerzy Trela (B\u00f3g), Anna Dymna (Psalm 5), Ma<\/strong><strong>\u0142<\/strong><strong>gorzata Ko<\/strong><strong>\u017c<\/strong><strong>uchowska zosta<\/strong><strong>\u0142<\/strong><strong>a narratork<\/strong><strong>\u0105\u00a0<\/strong><strong>Ewangelii\u00a0<\/strong><strong>\u015b<\/strong><strong>w. Jana, a Wojciech Malajkat narratorem Apokalipsy\u00a0<\/strong><strong>\u015b<\/strong><strong>w. Jana<\/strong>. Obok profesjonalnych aktor\u00f3w, w poszczeg\u00f3lne role wcielali si\u0119 tak\u017ce Amatorzy.<\/p>\n<p>T\u0142a d\u017awi\u0119kowe, kt\u00f3re\u00a0<strong>nagrane zosta<\/strong><strong>\u0142<\/strong><strong>y w Izraelu<\/strong>, sprawiaj\u0105, \u017ce odbiorca przenosi si\u0119 do ods\u0142uchiwanej rzeczywisto\u015bci, ma szans\u0119 poczu\u0107 Ducha tamtych miejsc. Has\u0142o przewodnie produkcji\u00a0<strong>\u201eUs<\/strong><strong>\u0142<\/strong><strong>ysz, czego nie przeczytasz\u201d\u00a0<\/strong>najlepiej oddaje intencje naszego dzia\u0142ania &#8211; pragn\u0119li\u015bmy by odbiorca zanurza\u0142 si\u0119 w s\u0142uchanych opowie\u015bciach.<\/p>\n<p><strong>Muzyka \u2013 Adam Walicki.<\/strong><\/p>\n<p>Biblia Audio dost\u0119pna jest na p\u0142ytach CD i pendrive\u2019ach, w aplikacji mobilnej oraz zestawach prezentowych. Obecnie produkcj\u0119 na no\u015bnikach fizycznych\u00a0<strong>zakupi<\/strong><strong>\u0142<\/strong><strong>o kilkadziesi\u0105t tysi\u0119cy<\/strong><strong>\u00a0os\u00f3b<\/strong>.<\/p>\n<p>Na naszym kanale YouTube wys\u0142uchano ju\u017c\u00a0<strong>ponad 60 000 000 minut\u00a0<\/strong>tre\u015bci zwi\u0105zanych z BIBLI\u0104 AUDIO. Zrealizowali\u015bmy tak\u017ce trwaj\u0105c\u0105 niemal dwadzie\u015bcia godzin <strong>BIBLI<\/strong><strong>\u0118\u00a0<\/strong><strong>AUDIO KIDS,\u00a0<\/strong>gdzie narratorami s\u0105 m\u0142odzi aktorzy do 15-go roku \u017cycia.<\/p>\n<p>Biblia Audio dost\u0119pna jest tak\u017ce w <a href=\"https:\/\/bibliaaudio.pl\/aplikacja\">aplikacji mobilnej<\/a><\/p>\n<p>Zach\u0119camy do zapoznania si\u0119 z nasz\u0105 ofert\u0105!<\/p>\n<p>Sprawd\u017a tak\u017ce\u00a0wersj\u0119 angielsk\u0105 naszego projektu:\u00a0<a href=\"https:\/\/audiobiblesuperproduction.com\/\">https:\/\/audiobiblesuperproduction.com\/<\/a><\/p>\n<p>&nbsp;<\/p>\n<p><img loading=\"lazy\" decoding=\"async\" class=\"alignnone size-full wp-image-18303\" src=\"https:\/\/biblia-sklep.ontest.pl\/wp-content\/uploads\/2023\/04\/Kopia-Projekt-bez-tytulu.jpg\" alt=\"\" width=\"1024\" height=\"768\" srcset=\"https:\/\/bibliaaudio.pl\/sklep\/wp-content\/uploads\/2023\/04\/Kopia-Projekt-bez-tytulu.jpg 1024w, https:\/\/bibliaaudio.pl\/sklep\/wp-content\/uploads\/2023\/04\/Kopia-Projekt-bez-tytulu-600x450.jpg 600w\" sizes=\"auto, (max-width: 1024px) 100vw, 1024px\" \/><\/p>\n<p>&nbsp;<\/p>\n","protected":false},"excerpt":{"rendered":"<p>Biblia Audio Superprodukcja\u00a0to pe\u0142en zapis Pisma \u015awi\u0119tego, Starego i Nowego Testamentu. To najwi\u0119ksze s\u0142uchowisko radiowe w Europie. To wydarzenie kulturalne, spo\u0142eczne, edukacyjne i duchowe. S\u0142uchowisko cechuje wyj\u0105tkowa jako\u015b\u0107 wykonania, nagrane zosta\u0142o przez niemal 500 aktorek i aktor\u00f3w, 10 000 statyst\u00f3w. Jest w pe\u0142ni ud\u017awi\u0119kowione, ze specjalnie skomponowan\u0105 muzyk\u0105 symfoniczn\u0105. Udzia\u0142 w s\u0142uchowisku wzi\u0119li mi\u0119dzy innymi:\u00a0Adam [&hellip;]<\/p>\n","protected":false},"author":1,"featured_media":0,"parent":0,"menu_order":0,"comment_status":"closed","ping_status":"closed","template":"","meta":{"_acf_changed":false,"inline_featured_image":false,"footnotes":""},"class_list":["post-20","page","type-page","status-publish","hentry"],"acf":[],"_links":{"self":[{"href":"https:\/\/bibliaaudio.pl\/sklep\/wp-json\/wp\/v2\/pages\/20","targetHints":{"allow":["GET"]}}],"collection":[{"href":"https:\/\/bibliaaudio.pl\/sklep\/wp-json\/wp\/v2\/pages"}],"about":[{"href":"https:\/\/bibliaaudio.pl\/sklep\/wp-json\/wp\/v2\/types\/page"}],"author":[{"embeddable":true,"href":"https:\/\/bibliaaudio.pl\/sklep\/wp-json\/wp\/v2\/users\/1"}],"replies":[{"embeddable":true,"href":"https:\/\/bibliaaudio.pl\/sklep\/wp-json\/wp\/v2\/comments?post=20"}],"version-history":[{"count":8,"href":"https:\/\/bibliaaudio.pl\/sklep\/wp-json\/wp\/v2\/pages\/20\/revisions"}],"predecessor-version":[{"id":55228,"href":"https:\/\/bibliaaudio.pl\/sklep\/wp-json\/wp\/v2\/pages\/20\/revisions\/55228"}],"wp:attachment":[{"href":"https:\/\/bibliaaudio.pl\/sklep\/wp-json\/wp\/v2\/media?parent=20"}],"curies":[{"name":"wp","href":"https:\/\/api.w.org\/{rel}","templated":true}]}}