{"id":24,"date":"2021-10-12T08:08:16","date_gmt":"2021-10-12T06:08:16","guid":{"rendered":"https:\/\/bibliaaudio.pl\/sklep\/?page_id=24"},"modified":"2025-09-17T11:00:20","modified_gmt":"2025-09-17T09:00:20","slug":"dostawa","status":"publish","type":"page","link":"https:\/\/bibliaaudio.pl\/sklep\/dostawa\/","title":{"rendered":"Dostawa"},"content":{"rendered":"<p style=\"text-align: center;\"><span style=\"font-size: 80%;\">aktualizacja 26.01.2024<\/span><\/p>\n<ol>\n<li>Koszty spakowania produktu oraz\u00a0koszt wysy\u0142ki na\u00a0terenie kraju przy zam\u00f3wieniach do\u00a0400 z\u0142otych brutto wynosi:<\/li>\n<li><strong>19,68 z\u0142 <\/strong><strong>(dziewi\u0119tna\u015bcie z\u0142otych 68\/100 groszy)<\/strong>\u00a0przy p\u0142atno\u015bciach kart\u0105 kredytow\u0105\/p\u0142atnicz\u0105 lub p\u0142atno\u015bciach online,\u00a0<strong>POCZTEX 2.0<\/strong><\/li>\n<li><strong>22,76 (dwadzie\u015bcia dwa z\u0142ote 76\/100 groszy)<\/strong> przy p\u0142atno\u015bciach kart\u0105 kredytow\u0105\/p\u0142atnicz\u0105 lub p\u0142atno\u015bciach online,\u00a0<strong>DPD <\/strong>do 2 kg<\/li>\n<li><strong>22,14 (dziewi\u0119tna\u015bcie z\u0142otych 68\/100 groszy) <\/strong>przy p\u0142atno\u015bciach kart\u0105 kredytow\u0105\/p\u0142atnicz\u0105 lub p\u0142atno\u015bciach online, <strong>INPOST (PACZKOMATY)<\/strong><\/li>\n<li><strong>26,45 z\u0142 (dwadzie\u015bcia sze\u015b\u0107 z\u0142otych 45\/100 groszy) <\/strong>przy p\u0142atno\u015bciach \u201eza pobraniem\u201d DPD<\/li>\n<li><strong>23,37z\u0142 (dwadzie\u015bcia trzy z\u0142ote 37\/100 groszy) <\/strong>przy p\u0142atno\u015bciach \u201eza pobraniem\u201d Poczta Polska.<\/li>\n<\/ol>\n<p>Koszty spakowania produktu oraz koszt wysy\u0142ki za po\u015brednictwem Poczty Polskiej, INPOST (PACZKOMATY) oraz DPD na terenie kraju przy zam\u00f3wieniach powy\u017cej 400 z\u0142otych brutto wynosi 0 z\u0142 (zero z\u0142otych).<\/p>\n<p>Koszty dostawy przesy\u0142ek zagranicznych na\u00a0terenie Europy za\u00a0po\u015brednictwem Poczty Polskiej wynosi\u00a0<strong>70,00<\/strong><strong>z\u0142<\/strong>\u00a0<strong>(siedemdziesi\u0105t z\u0142otych)<\/strong><\/p>\n<p>Koszty dostawy przesy\u0142ek zagranicznych do Stan\u00f3w Zjednoczonych zale\u017c\u0105 od wagi paczki i wynosz\u0105 nie mniej ni\u017c <strong>154,98 z\u0142 <\/strong><strong>(sto pi\u0119\u0107dziesi\u0105t cztery z\u0142ote 98\/100 groszy)<\/strong>.<\/p>\n<p>Za c\u0142o dla przesy\u0142ek poza teren Unii Europejskiej odpowiada Klient.<\/p>\n<p><strong>Zam\u00f3wienia poni\u017cej 400 z\u0142:<\/strong><\/p>\n<div class=\"table\">\n<table cellspacing=\"0\" cellpadding=\"0\">\n<tbody>\n<tr>\n<td><strong>Przewo\u017anik<\/strong><\/td>\n<td spellcheck=\"true\"><strong>P\u0142atno\u015b\u0107 online<\/strong><\/td>\n<td spellcheck=\"true\"><strong>P\u0142atno\u015b\u0107 za pobraniem<\/strong><\/td>\n<td><strong>Przesy\u0142ka zagraniczna (na terenie Europy)<\/strong><\/td>\n<\/tr>\n<tr>\n<td>DPD<\/td>\n<td>22,76 z\u0142<\/td>\n<td>26,45 z\u0142<\/td>\n<td><strong>&#8211;<\/strong><\/td>\n<\/tr>\n<tr>\n<td>POCZTEX 2.0<\/td>\n<td>19,68 z\u0142<\/td>\n<td>23,37 z\u0142<\/td>\n<td><strong>&#8211;<\/strong><\/td>\n<\/tr>\n<tr>\n<td>Paczkomaty INPOST<\/td>\n<td>22,14 z\u0142<\/td>\n<td><strong>&#8211;<\/strong><\/td>\n<td><strong>&#8211;<\/strong><\/td>\n<\/tr>\n<\/tbody>\n<\/table>\n<\/div>\n<p>&nbsp;<\/p>\n<p class=\"text-center\"><strong>Przy zam\u00f3wieniu powy\u017cej 400 z\u0142 koszt dostawy w obr\u0119bie kraju wynosi 0 z\u0142.<\/strong><\/p>\n<p>&nbsp;<\/p>\n<p><strong>\u00a0Zam\u00f3wienia do Stan\u00f3w Zjednoczonych<\/strong><\/p>\n<div>\n<table dir=\"ltr\" border=\"0\" cellspacing=\"0\" cellpadding=\"0\">\n<tbody>\n<tr>\n<td colspan=\"1\" rowspan=\"2\">\n<div>Kraj<\/div>\n<\/td>\n<td colspan=\"5\" rowspan=\"1\">Paczka Ekonomiczna<\/td>\n<\/tr>\n<tr>\n<td>1 kg<\/td>\n<td>2 kg<\/td>\n<td>3 kg<\/td>\n<td>4 kg<\/td>\n<td>5 kg<\/td>\n<\/tr>\n<tr>\n<td colspan=\"1\" rowspan=\"2\">\n<div>USA<\/div>\n<\/td>\n<td>154,98 z\u0142<\/td>\n<td>183,27 z\u0142<\/td>\n<td>202,95 z\u0142<\/td>\n<td>226,32 z\u0142<\/td>\n<td>249,69 z\u0142<\/td>\n<\/tr>\n<tr>\n<td colspan=\"5\" rowspan=\"1\">6 dni roboczych<\/td>\n<\/tr>\n<\/tbody>\n<\/table>\n<\/div>\n<div>\n<div>\n<div>\n<div dir=\"ltr\" data-smartmail=\"gmail_signature\">\n<div dir=\"ltr\">\n<div dir=\"ltr\"><\/div>\n<\/div>\n<\/div>\n<\/div>\n<\/div>\n<\/div>\n<p>&nbsp;<\/p>\n<p class=\"text-center\"><strong>KUPONY RABATOWE\u00a0<\/strong><\/p>\n<ol>\n<li>Okresowe kupony rabatowe obni\u017caj\u0105ce lub znosz\u0105ce\u00a0koszty wysy\u0142ki maj\u0105 zastosowanie tylko w przypadku op\u0142aconych zam\u00f3wie\u0144 dostarczanych na terenie Polski.<\/li>\n<li>W okresie mi\u0119dzy 15 listopada a 10 stycznia z oferty mo\u017ce zosta\u0107\u00a0wy\u0142\u0105czona dostawa do PACZKOMAT\u00d3W INPOST<\/li>\n<\/ol>\n","protected":false},"excerpt":{"rendered":"<p>aktualizacja 26.01.2024 Koszty spakowania produktu oraz\u00a0koszt wysy\u0142ki na\u00a0terenie kraju przy zam\u00f3wieniach do\u00a0400 z\u0142otych brutto wynosi: 19,68 z\u0142 (dziewi\u0119tna\u015bcie z\u0142otych 68\/100 groszy)\u00a0przy p\u0142atno\u015bciach kart\u0105 kredytow\u0105\/p\u0142atnicz\u0105 lub p\u0142atno\u015bciach online,\u00a0POCZTEX 2.0 22,76 (dwadzie\u015bcia dwa z\u0142ote 76\/100 groszy) przy p\u0142atno\u015bciach kart\u0105 kredytow\u0105\/p\u0142atnicz\u0105 lub p\u0142atno\u015bciach online,\u00a0DPD do 2 kg 22,14 (dziewi\u0119tna\u015bcie z\u0142otych 68\/100 groszy) przy p\u0142atno\u015bciach kart\u0105 kredytow\u0105\/p\u0142atnicz\u0105 lub p\u0142atno\u015bciach [&hellip;]<\/p>\n","protected":false},"author":1,"featured_media":0,"parent":0,"menu_order":0,"comment_status":"closed","ping_status":"closed","template":"","meta":{"_acf_changed":false,"inline_featured_image":false,"footnotes":""},"class_list":["post-24","page","type-page","status-publish","hentry"],"acf":[],"_links":{"self":[{"href":"https:\/\/bibliaaudio.pl\/sklep\/wp-json\/wp\/v2\/pages\/24","targetHints":{"allow":["GET"]}}],"collection":[{"href":"https:\/\/bibliaaudio.pl\/sklep\/wp-json\/wp\/v2\/pages"}],"about":[{"href":"https:\/\/bibliaaudio.pl\/sklep\/wp-json\/wp\/v2\/types\/page"}],"author":[{"embeddable":true,"href":"https:\/\/bibliaaudio.pl\/sklep\/wp-json\/wp\/v2\/users\/1"}],"replies":[{"embeddable":true,"href":"https:\/\/bibliaaudio.pl\/sklep\/wp-json\/wp\/v2\/comments?post=24"}],"version-history":[{"count":24,"href":"https:\/\/bibliaaudio.pl\/sklep\/wp-json\/wp\/v2\/pages\/24\/revisions"}],"predecessor-version":[{"id":55173,"href":"https:\/\/bibliaaudio.pl\/sklep\/wp-json\/wp\/v2\/pages\/24\/revisions\/55173"}],"wp:attachment":[{"href":"https:\/\/bibliaaudio.pl\/sklep\/wp-json\/wp\/v2\/media?parent=24"}],"curies":[{"name":"wp","href":"https:\/\/api.w.org\/{rel}","templated":true}]}}