{"id":226,"date":"2021-10-15T13:49:45","date_gmt":"2021-10-15T11:49:45","guid":{"rendered":"https:\/\/bibliaaudio.pl\/sklep\/?post_type=product&#038;p=226"},"modified":"2026-03-29T11:33:35","modified_gmt":"2026-03-29T09:33:35","slug":"biblia-audio-nowy-testament","status":"publish","type":"product","link":"https:\/\/bibliaaudio.pl\/sklep\/biblia-audio-nowy-testament\/","title":{"rendered":"Nowy Testament CD Box"},"content":{"rendered":"<h3><strong>Najwi\u0119ksza na \u015bwiecie Biblia Audio w gwiazdorskiej obsadzie!<\/strong><\/h3>\n<p>Poznaj Bibli\u0119 Audio superprodukcj\u0119 Nowy Testament po polsku w przek\u0142adzie Biblii Tysi\u0105clecia wyd. V! To najwi\u0119ksze, w pe\u0142ni ud\u017awi\u0119kowione, s\u0142uchowisko radiowe na \u015bwiecie! Znajdziesz w nim wszystkie Ksi\u0119gi Nowego Testamentu: Cztery Ewangelie, Listy Apostolskie oraz Apokalips\u0119!<\/p>\n<p>Poznaj dzie\u0142o, kt\u00f3re od setek lat kszta\u0142tuje nasz\u0105 kultur\u0119, \u017ar\u00f3d\u0142o wielu wa\u017cnych my\u015bli i cytat\u00f3w. Zanurz si\u0119 w bogatym \u015bwiecie biblijnych historii, opowiedzianych g\u0142osami ponad 500 aktor\u00f3w w tym polskich gwiazd takich jak Anna Dymna, Ma\u0142gorzata Ko\u017cuchowska, Artur \u017bmijewski, Cezary \u017bak, Franciszek Pieczka, Danuta Stenka, Jan Englert, Jerzy Trela, Piotr Adamczyk, Mi\u0142ogost Reczek, Kinga Preis, Anna Seniuk, Piotr Polk, Adam Woronowicz, Wojciech Malajkat i wielu innych.<\/p>\n<p>Poczuj si\u0119, jakby\u015b tam by\u0142, dzi\u0119ki daj\u0105cemu wra\u017cenie g\u0142\u0119bi i przestrzeni d\u017awi\u0119kowi 3D, specjalnie skomponowanej muzyce Adama Walickiego oraz d\u017awi\u0119kom t\u0142a nagranym w samym sercu Ziemi \u015awi\u0119tej! Szukasz Biblii z du\u017cym drukiem, a i tak trudno zrozumie\u0107, co czytasz? Nasz audiobook to \u015bwietny wyb\u00f3r zar\u00f3wno dla os\u00f3b ze s\u0142abszym wzrokiem, jak i pragn\u0105cych po prostu lepiej pozna\u0107 Pismo \u015awi\u0119te. To Biblia ilustrowana Twoj\u0105 wyobra\u017ani\u0105!<\/p>\n<h3><strong>US\u0141YSZ, CZEGO NIE PRZECZYTASZ!<\/strong><\/h3>\n","protected":false},"excerpt":{"rendered":"<p>Najwi\u0119ksza na \u015bwiecie Biblia Audio w gwiazdorskiej obsadzie! Poznaj Bibli\u0119 Audio superprodukcj\u0119 Nowy Testament po polsku w przek\u0142adzie Biblii Tysi\u0105clecia wyd. V! To najwi\u0119ksze, w pe\u0142ni ud\u017awi\u0119kowione, s\u0142uchowisko radiowe na \u015bwiecie! Znajdziesz w nim wszystkie Ksi\u0119gi Nowego Testamentu: Cztery Ewangelie, Listy Apostolskie oraz Apokalips\u0119! Poznaj dzie\u0142o, kt\u00f3re od setek lat kszta\u0142tuje nasz\u0105 kultur\u0119, \u017ar\u00f3d\u0142o wielu [&hellip;]<\/p>\n","protected":false},"featured_media":67101,"comment_status":"closed","ping_status":"closed","template":"","meta":{"_acf_changed":false,"inline_featured_image":false},"product_brand":[],"product_cat":[15,111],"product_tag":[],"class_list":{"0":"post-226","1":"product","2":"type-product","3":"status-publish","4":"has-post-thumbnail","6":"lektorzy-adam-woronowicz","7":"lektorzy-anna-polony","8":"lektorzy-anna-seniuk","9":"lektorzy-cezary-zak","10":"lektorzy-jerzy-trela","11":"lektorzy-krzysztof-czeczot","12":"lektorzy-roman-klosowski","13":"lektorzy-wojciech-malajkat","14":"product_cat-biblia-audio-superprodukcja","15":"product_cat-plyty-cd","17":"first","18":"instock","19":"sale","20":"taxable","21":"shipping-taxable","22":"purchasable","23":"product-type-simple"},"acf":[],"_links":{"self":[{"href":"https:\/\/bibliaaudio.pl\/sklep\/wp-json\/wp\/v2\/product\/226","targetHints":{"allow":["GET"]}}],"collection":[{"href":"https:\/\/bibliaaudio.pl\/sklep\/wp-json\/wp\/v2\/product"}],"about":[{"href":"https:\/\/bibliaaudio.pl\/sklep\/wp-json\/wp\/v2\/types\/product"}],"replies":[{"embeddable":true,"href":"https:\/\/bibliaaudio.pl\/sklep\/wp-json\/wp\/v2\/comments?post=226"}],"wp:featuredmedia":[{"embeddable":true,"href":"https:\/\/bibliaaudio.pl\/sklep\/wp-json\/wp\/v2\/media\/67101"}],"wp:attachment":[{"href":"https:\/\/bibliaaudio.pl\/sklep\/wp-json\/wp\/v2\/media?parent=226"}],"wp:term":[{"taxonomy":"product_brand","embeddable":true,"href":"https:\/\/bibliaaudio.pl\/sklep\/wp-json\/wp\/v2\/product_brand?post=226"},{"taxonomy":"product_cat","embeddable":true,"href":"https:\/\/bibliaaudio.pl\/sklep\/wp-json\/wp\/v2\/product_cat?post=226"},{"taxonomy":"product_tag","embeddable":true,"href":"https:\/\/bibliaaudio.pl\/sklep\/wp-json\/wp\/v2\/product_tag?post=226"}],"curies":[{"name":"wp","href":"https:\/\/api.w.org\/{rel}","templated":true}]}}