{"id":245,"date":"2021-10-15T14:01:54","date_gmt":"2021-10-15T12:01:54","guid":{"rendered":"https:\/\/bibliaaudio.pl\/sklep\/?post_type=product&#038;p=245"},"modified":"2026-04-05T18:28:12","modified_gmt":"2026-04-05T16:28:12","slug":"biblia-audio-pendrive-stary-i-nowy-testament","status":"publish","type":"product","link":"https:\/\/bibliaaudio.pl\/sklep\/biblia-audio-pendrive-stary-i-nowy-testament\/","title":{"rendered":"Stary i Nowy Testament pendrive"},"content":{"rendered":"<h2><strong>Biblia Audio to doskona\u0142y prezent dla ka\u017cdego, kto pragnie odkry\u0107 lub pog\u0142\u0119bi\u0107 swoj\u0105 wiar\u0119.<\/strong><\/h2>\n<p>Biblia Audio na pendrive to pe\u0142ne nagranie Pisma \u015awi\u0119tego w nowoczesnej, poruszaj\u0105cej formie. Znajdziesz tu ponad sto godzin profesjonalnie zrealizowanych nagra\u0144 w formacie MP3, obejmuj\u0105cych ca\u0142y Stary i Nowy Testament.<\/p>\n<p>Do\u015bwiadcz S\u0142owa Bo\u017cego w zupe\u0142nie nowy spos\u00f3b. Biblia Audio to nie tylko lektura, to g\u0142\u0119bokie, duchowe prze\u017cycie, kt\u00f3re mo\u017ce towarzyszy\u0107 Ci w ka\u017cdej chwili \u017cycia. Pozw\u00f3l, by pi\u0119kno S\u0142owa przemawia\u0142o do Ciebie za po\u015brednictwem profesjonalnych g\u0142os\u00f3w znanych aktor\u00f3w, w pe\u0142nej oprawie d\u017awi\u0119kowej, kt\u00f3ra przenosi Ci\u0119 w biblijny \u015bwiat.<\/p>\n<p style=\"text-align: left;\">Pendrive \u015bwietnie sprawdzi si\u0119 jako elegancki i warto\u015bciowy prezent, a tak\u017ce jako osobisty towarzysz modlitwy i refleksji. Dzi\u0119ki wygodnej formie mo\u017cesz s\u0142ucha\u0107 Biblii tam, gdzie najbardziej tego potrzebujesz.<\/p>\n<p style=\"text-align: center;\"><img loading=\"lazy\" decoding=\"async\" class=\"wp-image-9089 aligncenter\" src=\"https:\/\/bibliaaudio.pl\/sklep\/wp-content\/uploads\/2021\/10\/Pendrive-little-box_poziom.jpg\" alt=\"\" width=\"1000\" height=\"600\" \/><\/p>\n<h2 style=\"text-align: left;\">Us\u0142ysz, czego nie przeczytasz!<\/h2>\n","protected":false},"excerpt":{"rendered":"<p>Biblia Audio to doskona\u0142y prezent dla ka\u017cdego, kto pragnie odkry\u0107 lub pog\u0142\u0119bi\u0107 swoj\u0105 wiar\u0119. Biblia Audio na pendrive to pe\u0142ne nagranie Pisma \u015awi\u0119tego w nowoczesnej, poruszaj\u0105cej formie. Znajdziesz tu ponad sto godzin profesjonalnie zrealizowanych nagra\u0144 w formacie MP3, obejmuj\u0105cych ca\u0142y Stary i Nowy Testament. Do\u015bwiadcz S\u0142owa Bo\u017cego w zupe\u0142nie nowy spos\u00f3b. Biblia Audio to nie [&hellip;]<\/p>\n","protected":false},"featured_media":67104,"comment_status":"closed","ping_status":"closed","template":"","meta":{"_acf_changed":false,"inline_featured_image":false},"product_brand":[],"product_cat":[15,112,114,124],"product_tag":[68],"class_list":{"0":"post-245","1":"product","2":"type-product","3":"status-publish","4":"has-post-thumbnail","6":"lektorzy-adam-woronowicz","7":"lektorzy-anna-dymna","8":"lektorzy-anna-polony","9":"lektorzy-anna-seniuk","10":"lektorzy-antoni-pawlicki","11":"lektorzy-artur-zmijewski","12":"lektorzy-cezary-zak","13":"lektorzy-danuta-stenka","14":"lektorzy-edyta-olszowka","15":"lektorzy-franciszek-pieczka","16":"lektorzy-jerzy-trela","17":"lektorzy-kinga-preis","18":"lektorzy-krzysztof-czeczot","19":"lektorzy-krzysztof-globisz","20":"lektorzy-malgorzata-kozuchowska","21":"lektorzy-marian-dziedziel","22":"lektorzy-milogost-reczek","23":"lektorzy-piotr-adamczyk","24":"lektorzy-piotr-polk","25":"lektorzy-robert-wieckiewicz","26":"lektorzy-roman-klosowski","27":"lektorzy-wojciech-malajkat","28":"product_cat-biblia-audio-superprodukcja","29":"product_cat-pendrive","30":"product_cat-prezenty","31":"product_cat-pierwsza_komunia","32":"product_tag-pendrive","34":"first","35":"instock","36":"sale","37":"featured","38":"taxable","39":"shipping-taxable","40":"purchasable","41":"product-type-simple"},"acf":[],"_links":{"self":[{"href":"https:\/\/bibliaaudio.pl\/sklep\/wp-json\/wp\/v2\/product\/245","targetHints":{"allow":["GET"]}}],"collection":[{"href":"https:\/\/bibliaaudio.pl\/sklep\/wp-json\/wp\/v2\/product"}],"about":[{"href":"https:\/\/bibliaaudio.pl\/sklep\/wp-json\/wp\/v2\/types\/product"}],"replies":[{"embeddable":true,"href":"https:\/\/bibliaaudio.pl\/sklep\/wp-json\/wp\/v2\/comments?post=245"}],"wp:featuredmedia":[{"embeddable":true,"href":"https:\/\/bibliaaudio.pl\/sklep\/wp-json\/wp\/v2\/media\/67104"}],"wp:attachment":[{"href":"https:\/\/bibliaaudio.pl\/sklep\/wp-json\/wp\/v2\/media?parent=245"}],"wp:term":[{"taxonomy":"product_brand","embeddable":true,"href":"https:\/\/bibliaaudio.pl\/sklep\/wp-json\/wp\/v2\/product_brand?post=245"},{"taxonomy":"product_cat","embeddable":true,"href":"https:\/\/bibliaaudio.pl\/sklep\/wp-json\/wp\/v2\/product_cat?post=245"},{"taxonomy":"product_tag","embeddable":true,"href":"https:\/\/bibliaaudio.pl\/sklep\/wp-json\/wp\/v2\/product_tag?post=245"}],"curies":[{"name":"wp","href":"https:\/\/api.w.org\/{rel}","templated":true}]}}