{"id":249,"date":"2021-10-15T14:06:00","date_gmt":"2021-10-15T12:06:00","guid":{"rendered":"https:\/\/bibliaaudio.pl\/sklep\/?post_type=product&#038;p=249"},"modified":"2026-04-07T16:28:58","modified_gmt":"2026-04-07T14:28:58","slug":"biblia-audio-kids-pendrive","status":"publish","type":"product","link":"https:\/\/bibliaaudio.pl\/sklep\/biblia-audio-kids-pendrive\/","title":{"rendered":"Kids pendrive bia\u0142y"},"content":{"rendered":"<h4>BIBLIA AUDIO KIDS PENDRIVE<\/h4>\n<h4>Podaruj dziecku histori\u0119, kt\u00f3ra zostanie z nim na zawsze!<\/h4>\n<p>Biblia Audio Kids to inspiruj\u0105ce spotkanie z biblijnymi historiami stworzone z my\u015bl\u0105 o najm\u0142odszych s\u0142uchaczach. Ka\u017cdy rozdzia\u0142 zosta\u0142 opowiedziany w prosty i anga\u017cuj\u0105cy spos\u00f3b, tak aby dziecko mog\u0142o bez wysi\u0142ku zanurzy\u0107 si\u0119 w \u015bwiecie pe\u0142nym przyg\u00f3d, dobra i m\u0105dro\u015bci. Historie czytane s\u0105 zar\u00f3wno przez doros\u0142ych, jak i m\u0142odych aktor\u00f3w w wieku 10\u201115 lat. Towarzysz\u0105ca nagraniom muzyka oraz efekty d\u017awi\u0119kowe nadaj\u0105 ca\u0142o\u015bci wyj\u0105tkowego uroku i sprawiaj\u0105, \u017ce przypomina ona film bez obrazu, kt\u00f3ry pobudza wyobra\u017ani\u0119 i ciekawo\u015b\u0107.<\/p>\n<p>Biblia Audio Kids to doskona\u0142y spos\u00f3b na pierwsze spotkanie z historiami biblijnymi, kt\u00f3re mog\u0105 towarzyszy\u0107 dziecku przed snem, w podr\u00f3\u017cy lub podczas rodzinnych chwil.<\/p>\n<p>Biblia Audio Kids jest pi\u0119knym i warto\u015bciowym prezentem, kt\u00f3ry \u0142\u0105czy edukacj\u0119, duchowe tre\u015bci i rozrywk\u0119. Pomaga tworzy\u0107 pe\u0142ne ciep\u0142a momenty blisko\u015bci, buduje dobre nawyki i otwiera przestrze\u0144 do rozm\u00f3w o wa\u017cnych warto\u015bciach. Dzi\u0119ki niej najm\u0142odsi poznaj\u0105 biblijne opowie\u015bci w formie, kt\u00f3ra rozwija i inspiruje.<\/p>\n<p style=\"text-align: center;\"><img loading=\"lazy\" decoding=\"async\" class=\"wp-image-9089 aligncenter\" src=\"https:\/\/bibliaaudio.pl\/sklep\/wp-content\/uploads\/2022\/03\/Banner-produktowy-pochwalka-KIDS.png\" alt=\"\" width=\"1000\" height=\"600\" \/><\/p>\n","protected":false},"excerpt":{"rendered":"<p>BIBLIA AUDIO KIDS PENDRIVE Podaruj dziecku histori\u0119, kt\u00f3ra zostanie z nim na zawsze! Biblia Audio Kids to inspiruj\u0105ce spotkanie z biblijnymi historiami stworzone z my\u015bl\u0105 o najm\u0142odszych s\u0142uchaczach. Ka\u017cdy rozdzia\u0142 zosta\u0142 opowiedziany w prosty i anga\u017cuj\u0105cy spos\u00f3b, tak aby dziecko mog\u0142o bez wysi\u0142ku zanurzy\u0107 si\u0119 w \u015bwiecie pe\u0142nym przyg\u00f3d, dobra i m\u0105dro\u015bci. Historie czytane s\u0105 [&hellip;]<\/p>\n","protected":false},"featured_media":67103,"comment_status":"closed","ping_status":"closed","template":"","meta":{"_acf_changed":false,"inline_featured_image":false},"product_brand":[],"product_cat":[15,115,112,124],"product_tag":[68],"class_list":{"0":"post-249","1":"product","2":"type-product","3":"status-publish","4":"has-post-thumbnail","6":"lektorzy-adam-woronowicz","7":"lektorzy-anna-dymna","8":"lektorzy-jerzy-trela","9":"lektorzy-malgorzata-kozuchowska","10":"product_cat-biblia-audio-superprodukcja","11":"product_cat-dla-dzieci","12":"product_cat-pendrive","13":"product_cat-pierwsza_komunia","14":"product_tag-pendrive","16":"first","17":"instock","18":"sale","19":"featured","20":"taxable","21":"shipping-taxable","22":"purchasable","23":"product-type-simple"},"acf":[],"_links":{"self":[{"href":"https:\/\/bibliaaudio.pl\/sklep\/wp-json\/wp\/v2\/product\/249","targetHints":{"allow":["GET"]}}],"collection":[{"href":"https:\/\/bibliaaudio.pl\/sklep\/wp-json\/wp\/v2\/product"}],"about":[{"href":"https:\/\/bibliaaudio.pl\/sklep\/wp-json\/wp\/v2\/types\/product"}],"replies":[{"embeddable":true,"href":"https:\/\/bibliaaudio.pl\/sklep\/wp-json\/wp\/v2\/comments?post=249"}],"wp:featuredmedia":[{"embeddable":true,"href":"https:\/\/bibliaaudio.pl\/sklep\/wp-json\/wp\/v2\/media\/67103"}],"wp:attachment":[{"href":"https:\/\/bibliaaudio.pl\/sklep\/wp-json\/wp\/v2\/media?parent=249"}],"wp:term":[{"taxonomy":"product_brand","embeddable":true,"href":"https:\/\/bibliaaudio.pl\/sklep\/wp-json\/wp\/v2\/product_brand?post=249"},{"taxonomy":"product_cat","embeddable":true,"href":"https:\/\/bibliaaudio.pl\/sklep\/wp-json\/wp\/v2\/product_cat?post=249"},{"taxonomy":"product_tag","embeddable":true,"href":"https:\/\/bibliaaudio.pl\/sklep\/wp-json\/wp\/v2\/product_tag?post=249"}],"curies":[{"name":"wp","href":"https:\/\/api.w.org\/{rel}","templated":true}]}}