{"id":269,"date":"2021-12-15T14:13:22","date_gmt":"2021-12-15T13:13:22","guid":{"rendered":"https:\/\/bibliaaudio.pl\/sklep\/?post_type=product&#038;p=269"},"modified":"2026-04-16T12:39:13","modified_gmt":"2026-04-16T10:39:13","slug":"biblia-audio-pendrive-prezent-stary-i-nowy-testament","status":"publish","type":"product","link":"https:\/\/bibliaaudio.pl\/sklep\/biblia-audio-pendrive-prezent-stary-i-nowy-testament\/","title":{"rendered":"Stary i Nowy Testament pendrive prezent czarny"},"content":{"rendered":"<h2 style=\"text-align: center;\"><b>BIBLIA AUDIO SUPERPRODUKCJA<\/b><\/h2>\n<h3 style=\"text-align: center;\"><strong>Biblia Audio to doskona\u0142y prezent dla ka\u017cdego, <\/strong><strong>kto pragnie odkry\u0107 lub pog\u0142\u0119bi\u0107 swoj\u0105 wiar\u0119.<\/strong><\/h3>\n<p>Biblia Audio to najwi\u0119ksze, w pe\u0142ni ud\u017awi\u0119kowione, s\u0142uchowisko na \u015bwiecie! Poznaj dzie\u0142o, kt\u00f3re od setek lat kszta\u0142tuje nasz\u0105 kultur\u0119, \u017ar\u00f3d\u0142o wielu wa\u017cnych my\u015bli i cytat\u00f3w. Zanurz si\u0119 w bogatym \u015bwiecie biblijnych historii, opowiedzianych g\u0142osami ponad 500 aktor\u00f3w w tym polskich gwiazd takich jak Anna Dymna, Ma\u0142gorzata Ko\u017cuchowska, Artur \u017bmijewski, Cezary \u017bak, Franciszek Pieczka, Danuta Stenka, Jan Englert, Jerzy Trela, Piotr Adamczyk, Mi\u0142ogost Reczek, Kinga Preis, Anna Seniuk, Piotr Polk, Adam Woronowicz, Wojciech Malajkat i wielu innych.<\/p>\n<p>Poczuj si\u0119, jakby\u015b tam by\u0142, dzi\u0119ki daj\u0105cemu wra\u017cenie g\u0142\u0119bi i przestrzeni d\u017awi\u0119kowi 3D, specjalnie skomponowanej muzyce Adama Walickiego oraz d\u017awi\u0119kom t\u0142a nagranym w samym sercu Ziemi \u015awi\u0119tej! To Biblia ilustrowana Twoj\u0105 wyobra\u017ani\u0105!<\/p>\n<h3 style=\"text-align: center;\"><strong>US\u0141YSZ, CZEGO NIE PRZECZYTASZ!<\/strong><\/h3>\n<p>&nbsp;<\/p>\n<p style=\"text-align: center;\"><img loading=\"lazy\" decoding=\"async\" class=\"wp-image-9089 aligncenter\" src=\"https:\/\/bibliaaudio.pl\/sklep\/wp-content\/uploads\/2022\/07\/Black-gift-box2_sq.jpg\" alt=\"\" width=\"1000\" height=\"600\" \/><\/p>\n","protected":false},"excerpt":{"rendered":"<p>BIBLIA AUDIO SUPERPRODUKCJA Biblia Audio to doskona\u0142y prezent dla ka\u017cdego, kto pragnie odkry\u0107 lub pog\u0142\u0119bi\u0107 swoj\u0105 wiar\u0119. Biblia Audio to najwi\u0119ksze, w pe\u0142ni ud\u017awi\u0119kowione, s\u0142uchowisko na \u015bwiecie! Poznaj dzie\u0142o, kt\u00f3re od setek lat kszta\u0142tuje nasz\u0105 kultur\u0119, \u017ar\u00f3d\u0142o wielu wa\u017cnych my\u015bli i cytat\u00f3w. Zanurz si\u0119 w bogatym \u015bwiecie biblijnych historii, opowiedzianych g\u0142osami ponad 500 aktor\u00f3w w [&hellip;]<\/p>\n","protected":false},"featured_media":70580,"comment_status":"closed","ping_status":"closed","template":"","meta":{"_acf_changed":false,"inline_featured_image":false},"product_brand":[],"product_cat":[15,112,114,124],"product_tag":[],"class_list":{"0":"post-269","1":"product","2":"type-product","3":"status-publish","4":"has-post-thumbnail","6":"lektorzy-adam-woronowicz","7":"lektorzy-anna-dymna","8":"lektorzy-anna-polony","9":"lektorzy-anna-seniuk","10":"lektorzy-antoni-pawlicki","11":"lektorzy-artur-zmijewski","12":"lektorzy-cezary-zak","13":"lektorzy-danuta-stenka","14":"lektorzy-edyta-olszowka","15":"lektorzy-franciszek-pieczka","16":"lektorzy-janusz-gajos","17":"lektorzy-jerzy-trela","18":"lektorzy-kinga-preis","19":"lektorzy-krzysztof-czeczot","20":"lektorzy-krzysztof-globisz","21":"lektorzy-magdalena-cielecka","22":"lektorzy-malgorzata-kozuchowska","23":"lektorzy-marian-dziedziel","24":"lektorzy-milogost-reczek","25":"lektorzy-piotr-adamczyk","26":"lektorzy-piotr-polk","27":"lektorzy-robert-wieckiewicz","28":"lektorzy-roman-klosowski","29":"lektorzy-wojciech-malajkat","30":"product_cat-biblia-audio-superprodukcja","31":"product_cat-pendrive","32":"product_cat-prezenty","33":"product_cat-pierwsza_komunia","35":"first","36":"instock","37":"sale","38":"taxable","39":"shipping-taxable","40":"purchasable","41":"product-type-simple"},"acf":[],"_links":{"self":[{"href":"https:\/\/bibliaaudio.pl\/sklep\/wp-json\/wp\/v2\/product\/269","targetHints":{"allow":["GET"]}}],"collection":[{"href":"https:\/\/bibliaaudio.pl\/sklep\/wp-json\/wp\/v2\/product"}],"about":[{"href":"https:\/\/bibliaaudio.pl\/sklep\/wp-json\/wp\/v2\/types\/product"}],"replies":[{"embeddable":true,"href":"https:\/\/bibliaaudio.pl\/sklep\/wp-json\/wp\/v2\/comments?post=269"}],"wp:featuredmedia":[{"embeddable":true,"href":"https:\/\/bibliaaudio.pl\/sklep\/wp-json\/wp\/v2\/media\/70580"}],"wp:attachment":[{"href":"https:\/\/bibliaaudio.pl\/sklep\/wp-json\/wp\/v2\/media?parent=269"}],"wp:term":[{"taxonomy":"product_brand","embeddable":true,"href":"https:\/\/bibliaaudio.pl\/sklep\/wp-json\/wp\/v2\/product_brand?post=269"},{"taxonomy":"product_cat","embeddable":true,"href":"https:\/\/bibliaaudio.pl\/sklep\/wp-json\/wp\/v2\/product_cat?post=269"},{"taxonomy":"product_tag","embeddable":true,"href":"https:\/\/bibliaaudio.pl\/sklep\/wp-json\/wp\/v2\/product_tag?post=269"}],"curies":[{"name":"wp","href":"https:\/\/api.w.org\/{rel}","templated":true}]}}