{"id":65240,"date":"2026-01-20T09:07:41","date_gmt":"2026-01-20T08:07:41","guid":{"rendered":"https:\/\/bibliaaudio.pl\/sklep\/?post_type=product&#038;p=65240"},"modified":"2026-04-13T14:21:41","modified_gmt":"2026-04-13T12:21:41","slug":"roczny-dostep-premium","status":"publish","type":"product","link":"https:\/\/bibliaaudio.pl\/sklep\/roczny-dostep-premium\/","title":{"rendered":"Roczny dost\u0119p PREMIUM"},"content":{"rendered":"<h2 class=\"isSelectedEnd\"><strong>Aplikacja Biblia Audio \u2013 codzienna dawka S\u0142owa, modlitwy i inspiracji!<\/strong><\/h2>\n<p class=\"isSelectedEnd\">Biblia Audio to wyj\u0105tkowa superprodukcja, kt\u00f3ra przenosi s\u0142uchanie Pisma \u015awi\u0119tego na zupe\u0142nie nowy poziom. To <strong>najwi\u0119ksze na \u015bwiecie s\u0142uchowisko biblijne<\/strong>, stworzone z udzia\u0142em ponad 500 aktor\u00f3w i lektor\u00f3w. Ka\u017cda ksi\u0119ga zosta\u0142a opracowana z dba\u0142o\u015bci\u0105 o szczeg\u00f3\u0142y, wzbogacona <strong>o muzyk\u0119 i realistyczne efekty d\u017awi\u0119kowe<\/strong>, kt\u00f3re buduj\u0105 atmosfer\u0119 i pomagaj\u0105 jeszcze g\u0142\u0119biej prze\u017cywa\u0107 s\u0142owo.<\/p>\n<p class=\"isSelectedEnd\">Dzi\u0119ki przestrzennemu d\u017awi\u0119kowi i starannej realizacji mo\u017cesz poczu\u0107 si\u0119 jak uczestnik wydarze\u0144. Biblia Audio pozwala odkrywa\u0107 znane historie w nowy spos\u00f3b i us\u0142ysze\u0107 to, co cz\u0119sto umyka podczas czytania.<\/p>\n<h2 class=\"isSelectedEnd\"><strong>Co zawiera roczny dost\u0119p do aplikacji?<\/strong><\/h2>\n<p class=\"isSelectedEnd\">Kupuj\u0105c roczny dost\u0119p, otrzymujesz pe\u0142ne 12 miesi\u0119cy korzystania ze wszystkich tre\u015bci dost\u0119pnych w aplikacji Biblia Audio:<\/p>\n<ul>\n<li class=\"isSelectedEnd\"><strong>Stary i Nowy Testament<\/strong> w formie audio nagrany w oparciu o Bibli\u0119 Tysi\u0105clecia<\/li>\n<li class=\"isSelectedEnd\"><strong>codzienne czytania liturgiczne z rozwa\u017caniami<\/strong><\/li>\n<li class=\"isSelectedEnd\"><strong>Biblia Audio Kids<\/strong> &#8211; 150 biblijnych historii dla najm\u0142odszych<\/li>\n<li>kolekcje biblijne (&#8222;Biblia o &#8230;.&#8221;)<\/li>\n<li class=\"isSelectedEnd\">modlitwy, w tym r\u00f3\u017caniec i inne popularne formy modlitwy<\/li>\n<li class=\"isSelectedEnd\">muzyk\u0119 sprzyjaj\u0105c\u0105 skupieniu i medytacji<\/li>\n<li><strong>kolekcje specjalne tematyczne<\/strong> (bp Grzegorz Ry\u015b, Marcin Zieli\u0144ski, Krzysztof i Maja Sowi\u0144scy, i wielu innych)<\/li>\n<\/ul>\n<p style=\"text-align: center;\"><img loading=\"lazy\" decoding=\"async\" class=\"wp-image-9089 aligncenter\" src=\"https:\/\/bibliaaudio.pl\/sklep\/wp-content\/uploads\/2026\/03\/opis_roczny-dostep_premium.png\" alt=\"\" width=\"900\" height=\"600\" \/><\/p>\n<h2 class=\"isSelectedEnd\"><strong>Dlaczego warto kupi\u0107 dost\u0119p Premium?<\/strong><\/h2>\n<p>Dost\u0119p Premium to co\u015b wi\u0119cej ni\u017c samo s\u0142uchanie Pisma \u015awi\u0119tego. To pe\u0142ne do\u015bwiadczenie, kt\u00f3re pomaga wej\u015b\u0107 w codzienny kontakt ze S\u0142owem i prze\u017cywa\u0107 je g\u0142\u0119biej.<\/p>\n<p>Dzi\u0119ki czytaniom z dnia i rozwa\u017caniom mo\u017cesz ka\u017cdego dnia wraca\u0107 do tego, co najwa\u017cniejsze. To proste wsparcie w zatrzymaniu si\u0119 na chwil\u0119, refleksji i spotkaniu ze S\u0142owem Bo\u017cym w codzienno\u015bci.<\/p>\n<p>Wersja premium to tak\u017ce przestrze\u0144 do rozwoju. Tematyczne kolekcje i dodatkowe tre\u015bci pomagaj\u0105 lepiej zrozumie\u0107 Pismo \u015awi\u0119te, odkrywa\u0107 nowe perspektywy i pog\u0142\u0119bia\u0107 wiar\u0119 we w\u0142asnym tempie.<\/p>\n<p>To rozwi\u0105zanie dla tych, kt\u00f3rzy chc\u0105 czego\u015b wi\u0119cej ni\u017c jednorazowego ods\u0142uchu. To codzienna pomoc w byciu bli\u017cej S\u0142owa, w modlitwie i w rozwoju duchowym.<\/p>\n","protected":false},"excerpt":{"rendered":"<p>Aplikacja Biblia Audio \u2013 codzienna dawka S\u0142owa, modlitwy i inspiracji! Biblia Audio to wyj\u0105tkowa superprodukcja, kt\u00f3ra przenosi s\u0142uchanie Pisma \u015awi\u0119tego na zupe\u0142nie nowy poziom. To najwi\u0119ksze na \u015bwiecie s\u0142uchowisko biblijne, stworzone z udzia\u0142em ponad 500 aktor\u00f3w i lektor\u00f3w. Ka\u017cda ksi\u0119ga zosta\u0142a opracowana z dba\u0142o\u015bci\u0105 o szczeg\u00f3\u0142y, wzbogacona o muzyk\u0119 i realistyczne efekty d\u017awi\u0119kowe, kt\u00f3re buduj\u0105 [&hellip;]<\/p>\n","protected":false},"featured_media":70593,"comment_status":"closed","ping_status":"closed","template":"","meta":{"_acf_changed":false,"inline_featured_image":false},"product_brand":[],"product_cat":[15,113,86,114,124],"product_tag":[88,89,87,90],"class_list":{"0":"post-65240","1":"product","2":"type-product","3":"status-publish","4":"has-post-thumbnail","6":"product_cat-biblia-audio-superprodukcja","7":"product_cat-aplikacja-mobilna","8":"product_cat-kod-do-aplikacji","9":"product_cat-prezenty","10":"product_cat-pierwsza_komunia","11":"product_tag-aplikacja","12":"product_tag-dozywotnia","13":"product_tag-kod","14":"product_tag-lifetime","15":"product_shipping_class-mail","17":"first","18":"instock","19":"virtual","20":"taxable","21":"purchasable","22":"product-type-simple"},"acf":[],"_links":{"self":[{"href":"https:\/\/bibliaaudio.pl\/sklep\/wp-json\/wp\/v2\/product\/65240","targetHints":{"allow":["GET"]}}],"collection":[{"href":"https:\/\/bibliaaudio.pl\/sklep\/wp-json\/wp\/v2\/product"}],"about":[{"href":"https:\/\/bibliaaudio.pl\/sklep\/wp-json\/wp\/v2\/types\/product"}],"replies":[{"embeddable":true,"href":"https:\/\/bibliaaudio.pl\/sklep\/wp-json\/wp\/v2\/comments?post=65240"}],"wp:featuredmedia":[{"embeddable":true,"href":"https:\/\/bibliaaudio.pl\/sklep\/wp-json\/wp\/v2\/media\/70593"}],"wp:attachment":[{"href":"https:\/\/bibliaaudio.pl\/sklep\/wp-json\/wp\/v2\/media?parent=65240"}],"wp:term":[{"taxonomy":"product_brand","embeddable":true,"href":"https:\/\/bibliaaudio.pl\/sklep\/wp-json\/wp\/v2\/product_brand?post=65240"},{"taxonomy":"product_cat","embeddable":true,"href":"https:\/\/bibliaaudio.pl\/sklep\/wp-json\/wp\/v2\/product_cat?post=65240"},{"taxonomy":"product_tag","embeddable":true,"href":"https:\/\/bibliaaudio.pl\/sklep\/wp-json\/wp\/v2\/product_tag?post=65240"}],"curies":[{"name":"wp","href":"https:\/\/api.w.org\/{rel}","templated":true}]}}