{"id":66816,"date":"2026-02-20T13:50:52","date_gmt":"2026-02-20T12:50:52","guid":{"rendered":"https:\/\/bibliaaudio.pl\/sklep\/?post_type=product&#038;p=66816"},"modified":"2026-04-06T18:01:50","modified_gmt":"2026-04-06T16:01:50","slug":"zestaw-dozywotni-dostep-do-aplikacji-ksiazka-madra-kobiecosc","status":"publish","type":"product","link":"https:\/\/bibliaaudio.pl\/sklep\/zestaw-dozywotni-dostep-do-aplikacji-ksiazka-madra-kobiecosc\/","title":{"rendered":"ZESTAW: Do\u017cywotni dost\u0119p do aplikacji + ksi\u0105\u017cka &#8222;M\u0105dra Kobieco\u015b\u0107&#8221;"},"content":{"rendered":"<p style=\"text-align: center;\"><img loading=\"lazy\" decoding=\"async\" class=\"wp-image-9089 aligncenter\" src=\"https:\/\/bibliaaudio.pl\/sklep\/wp-content\/uploads\/2026\/02\/MD_LOGO-e1772017631179.png\" alt=\"\" width=\"600\" height=\"600\" \/><\/p>\n<h3 data-start=\"427\" data-end=\"505\"><strong data-start=\"431\" data-end=\"505\">Do\u017cywotni dost\u0119p do aplikacji Biblia Audio + ksi\u0105\u017cka \u201eM\u0105dra Kobieco\u015b\u0107. Empatyczne medytacje r\u00f3\u017ca\u0144ca \u015bwi\u0119tego\u201d<\/strong><\/h3>\n<p data-start=\"507\" data-end=\"660\">Ten zestaw powsta\u0142 z my\u015bl\u0105 o kobiecie, kt\u00f3ra chce realnie pog\u0142\u0119bia\u0107 swoj\u0105 relacj\u0119 z Bogiem i jednocze\u015bnie dojrzewa\u0107 emocjonalnie w \u015bwietle Ewangelii.<\/p>\n<p data-start=\"662\" data-end=\"694\">\u0141\u0105czy dwie przestrzenie wzrostu:<\/p>\n<ul>\n<li data-start=\"662\" data-end=\"694\">codzienne s\u0142uchanie Pisma \u015awi\u0119tego<\/li>\n<li data-start=\"662\" data-end=\"694\">refleksj\u0119 nad kobieco\u015bci\u0105 prze\u017cywan\u0105 w wierze chrze\u015bcija\u0144skiej<\/li>\n<\/ul>\n<p data-start=\"846\" data-end=\"1023\">W zestawie otrzymujesz:<br data-start=\"869\" data-end=\"872\" \/><strong data-start=\"872\" data-end=\"949\">\u2013 do\u017cywotni dost\u0119p do aplikacji Biblia Audio Superprodukcja (kod cyfrowy)<\/strong><br data-start=\"949\" data-end=\"952\" \/><strong data-start=\"952\" data-end=\"1021\">\u2013 ksi\u0105\u017ck\u0119 \u201eM\u0105dra Kobieco\u015b\u0107\u201d w wersji papierowej (wysy\u0142an\u0105 poczt\u0105)<\/strong><\/p>\n<p data-start=\"1025\" data-end=\"1110\">To propozycja dla kobiet, kt\u00f3re chc\u0105 budowa\u0107 swoje \u017cycie na fundamencie S\u0142owa Bo\u017cego.<\/p>\n<h2 data-start=\"1117\" data-end=\"1181\"><strong data-start=\"1120\" data-end=\"1181\">BIBLIA AUDIO \u2013 S\u0141OWO, KT\u00d3RE MO\u017bESZ MIE\u0106 ZAWSZE PRZY SOBIE<\/strong><\/h2>\n<p data-start=\"1183\" data-end=\"1320\">\u201eWiara rodzi si\u0119 ze s\u0142uchania\u201d (por. Rz 10,17).<br data-start=\"1230\" data-end=\"1233\" \/>Dlatego tak wa\u017cne jest, by S\u0142owo Bo\u017ce by\u0142o obecne w codzienno\u015bci, a nie tylko od \u015bwi\u0119ta.<\/p>\n<p data-start=\"1322\" data-end=\"1595\">Aplikacja Biblia Audio Superprodukcja pozwala Ci s\u0142ucha\u0107 ca\u0142ego Pisma \u015awi\u0119tego w formie profesjonalnego s\u0142uchowiska z wykorzystaniem technologii d\u017awi\u0119ku 3D. To pe\u0142ne nagranie Starego i Nowego Testamentu, przygotowane tak, by pom\u00f3c w skupieniu i g\u0142\u0119bszym prze\u017cywaniu tre\u015bci.<\/p>\n<p data-start=\"1597\" data-end=\"1672\"><strong data-start=\"1597\" data-end=\"1672\">Jednorazowa op\u0142ata daje Ci do\u017cywotni dost\u0119p do Starego i Nowego Testamentu bez limit\u00f3w i bez reklam.<\/strong><\/p>\n<p data-start=\"1674\" data-end=\"1689\">Mo\u017cesz s\u0142ucha\u0107 S\u0142owa Bo\u017cego w drodze do pracy, podczas obowi\u0105zk\u00f3w domowych, w czasie osobistej modlitwy.<\/p>\n<p data-start=\"1931\" data-end=\"2051\">Kod przekazywany jest <strong data-start=\"1953\" data-end=\"1974\">w formie cyfrowej<\/strong>. Otrzymujesz go na adres mailowy. Ksi\u0105\u017cka wysy\u0142ana jest osobno w przesy\u0142ce pocztowej.<\/p>\n<h2 data-start=\"2058\" data-end=\"2114\"><strong data-start=\"2061\" data-end=\"2114\">\u201eM\u0104DRA KOBIECO\u015a\u0106. EMPATYCZNE ROZWA\u017bANIA R\u00d3\u017bA\u0143CA \u015aWI\u0118TEGO\u201d \u2013 KOBIECO\u015a\u0106 W \u015aWIETLE EWANGELII<\/strong><\/h2>\n<p data-start=\"2116\" data-end=\"2320\">Szukasz przestrzeni, w kt\u00f3rej wiara spotyka si\u0119 z psychologi\u0105, a modlitwa staje si\u0119 czu\u0142ym dialogiem z w\u0142asnym sercem?<\/p>\n<p data-start=\"2116\" data-end=\"2320\">\u201eM\u0105dra Kobieco\u015b\u0107\u201d to wyj\u0105tkowa propozycja autorstwa Agnieszki Kozak (psychoterapeutki) oraz ksi\u0119\u017cy Piotra K\u0142onowskiego i Marka Ludwiga.<\/p>\n<p data-start=\"2116\" data-end=\"2320\">To nie jest zwyk\u0142y modlitewnik, ale zaproszenie do odkrycia swojej warto\u015bci i godno\u015bci. Autorzy prowadz\u0105 czytelniczk\u0119 przez tajemnice r\u00f3\u017ca\u0144cowe, odczytuj\u0105c je na nowo w kontek\u015bcie kobiecych do\u015bwiadcze\u0144: potrzeby bycia wa\u017cn\u0105, budowania partnerstwa, prze\u017cywania macierzy\u0144stwa, ale te\u017c radzenia sobie ze wstydem, l\u0119kiem o przysz\u0142o\u015b\u0107 czy zranion\u0105 seksualno\u015bci\u0105. Maryja staje si\u0119 tu blisk\u0105 towarzyszk\u0105 &#8211; M\u0105dr\u0105 Kobiet\u0105, kt\u00f3ra uczy zaufania do intuicji i stawiania granic. Ksi\u0105\u017cka ta jest przewodnikiem po procesie dojrzewania &#8211; od dostrze\u017cenia swoich potrzeb, przez wzrost, a\u017c po dzielenie si\u0119 owocami \u017cycia. Pozw\u00f3l sobie na czu\u0142o\u015b\u0107, zdejmij maski perfekcjonizmu i odkryj, \u017ce Twoje \u017cycie jest darem. Rozkwitaj w M\u0105drej Kobieco\u015bci.<\/p>\n<h2 data-start=\"3238\" data-end=\"3281\"><strong data-start=\"3241\" data-end=\"3281\">JEDNA DROGA \u2013 S\u0141OWO I FORMACJA SERCA<\/strong><\/h2>\n<p data-start=\"3283\" data-end=\"3394\">S\u0142uchanie Pisma \u015awi\u0119tego i refleksja nad w\u0142asnym \u017cyciem nie s\u0105 dwiema oddzielnymi drogami. One si\u0119 uzupe\u0142niaj\u0105.<\/p>\n<p data-start=\"3396\" data-end=\"3493\">S\u0142owo Bo\u017ce kszta\u0142tuje serce.<br data-start=\"3424\" data-end=\"3427\" \/>\u015awiadoma praca nad sob\u0105 pomaga lepiej odpowiada\u0107 na Bo\u017ce wezwanie.<\/p>\n<p data-start=\"3495\" data-end=\"3591\">Ten zestaw jest zaproszeniem do wzrostu w wierze, w dojrza\u0142o\u015bci, w odpowiedzialnej kobieco\u015bci.<\/p>\n<p data-start=\"3593\" data-end=\"3674\"><strong data-start=\"3593\" data-end=\"3674\">Buduj swoje \u017cycie na S\u0142owie. Wzrastaj jako kobieta zakorzeniona w Chrystusie.<\/strong><\/p>\n","protected":false},"excerpt":{"rendered":"<p>Do\u017cywotni dost\u0119p do aplikacji Biblia Audio + ksi\u0105\u017cka \u201eM\u0105dra Kobieco\u015b\u0107. Empatyczne medytacje r\u00f3\u017ca\u0144ca \u015bwi\u0119tego\u201d Ten zestaw powsta\u0142 z my\u015bl\u0105 o kobiecie, kt\u00f3ra chce realnie pog\u0142\u0119bia\u0107 swoj\u0105 relacj\u0119 z Bogiem i jednocze\u015bnie dojrzewa\u0107 emocjonalnie w \u015bwietle Ewangelii. \u0141\u0105czy dwie przestrzenie wzrostu: codzienne s\u0142uchanie Pisma \u015awi\u0119tego refleksj\u0119 nad kobieco\u015bci\u0105 prze\u017cywan\u0105 w wierze chrze\u015bcija\u0144skiej W zestawie otrzymujesz:\u2013 do\u017cywotni [&hellip;]<\/p>\n","protected":false},"featured_media":68784,"comment_status":"closed","ping_status":"closed","template":"","meta":{"_acf_changed":false,"inline_featured_image":false},"product_brand":[],"product_cat":[15,113,86,114,74],"product_tag":[88,89,87,90],"class_list":{"0":"post-66816","1":"product","2":"type-product","3":"status-publish","4":"has-post-thumbnail","6":"product_cat-biblia-audio-superprodukcja","7":"product_cat-aplikacja-mobilna","8":"product_cat-kod-do-aplikacji","9":"product_cat-prezenty","10":"product_cat-zestawy","11":"product_tag-aplikacja","12":"product_tag-dozywotnia","13":"product_tag-kod","14":"product_tag-lifetime","16":"first","17":"instock","18":"taxable","19":"shipping-taxable","20":"purchasable","21":"product-type-simple"},"acf":[],"_links":{"self":[{"href":"https:\/\/bibliaaudio.pl\/sklep\/wp-json\/wp\/v2\/product\/66816","targetHints":{"allow":["GET"]}}],"collection":[{"href":"https:\/\/bibliaaudio.pl\/sklep\/wp-json\/wp\/v2\/product"}],"about":[{"href":"https:\/\/bibliaaudio.pl\/sklep\/wp-json\/wp\/v2\/types\/product"}],"replies":[{"embeddable":true,"href":"https:\/\/bibliaaudio.pl\/sklep\/wp-json\/wp\/v2\/comments?post=66816"}],"wp:featuredmedia":[{"embeddable":true,"href":"https:\/\/bibliaaudio.pl\/sklep\/wp-json\/wp\/v2\/media\/68784"}],"wp:attachment":[{"href":"https:\/\/bibliaaudio.pl\/sklep\/wp-json\/wp\/v2\/media?parent=66816"}],"wp:term":[{"taxonomy":"product_brand","embeddable":true,"href":"https:\/\/bibliaaudio.pl\/sklep\/wp-json\/wp\/v2\/product_brand?post=66816"},{"taxonomy":"product_cat","embeddable":true,"href":"https:\/\/bibliaaudio.pl\/sklep\/wp-json\/wp\/v2\/product_cat?post=66816"},{"taxonomy":"product_tag","embeddable":true,"href":"https:\/\/bibliaaudio.pl\/sklep\/wp-json\/wp\/v2\/product_tag?post=66816"}],"curies":[{"name":"wp","href":"https:\/\/api.w.org\/{rel}","templated":true}]}}