{"id":68103,"date":"2026-03-10T13:53:49","date_gmt":"2026-03-10T12:53:49","guid":{"rendered":"https:\/\/bibliaaudio.pl\/sklep\/?post_type=product&#038;p=68103"},"modified":"2026-04-21T10:30:03","modified_gmt":"2026-04-21T08:30:03","slug":"madra-kobiecosc-ksiazka","status":"publish","type":"product","link":"https:\/\/bibliaaudio.pl\/sklep\/madra-kobiecosc-ksiazka\/","title":{"rendered":"M\u0105dra Kobieco\u015b\u0107. Empatyczne rozwa\u017cania r\u00f3\u017ca\u0144ca \u015bwi\u0119tego."},"content":{"rendered":"<p style=\"text-align: center;\"><img loading=\"lazy\" decoding=\"async\" class=\"wp-image-9089 aligncenter\" src=\"https:\/\/bibliaaudio.pl\/sklep\/wp-content\/uploads\/2026\/02\/MD_LOGO-e1772017631179.png\" alt=\"\" width=\"600\" height=\"600\" \/><\/p>\n<h2 data-start=\"2058\" data-end=\"2114\"><strong data-start=\"2061\" data-end=\"2114\">\u201eM\u0104DRA KOBIECO\u015a\u0106. EMPATYCZNE ROZWA\u017bANIA R\u00d3\u017bA\u0143CA \u015aWI\u0118TEGO\u201d \u2013 KOBIECO\u015a\u0106 W \u015aWIETLE EWANGELII<\/strong><\/h2>\n<p data-start=\"2116\" data-end=\"2320\">Szukasz przestrzeni, w kt\u00f3rej wiara spotyka si\u0119 z psychologi\u0105, a modlitwa staje si\u0119 czu\u0142ym dialogiem z w\u0142asnym sercem?<\/p>\n<p data-start=\"2116\" data-end=\"2320\">\u201eM\u0105dra Kobieco\u015b\u0107\u201d to wyj\u0105tkowa propozycja autorstwa Agnieszki Kozak (psychoterapeutki) oraz ksi\u0119\u017cy Piotra K\u0142onowskiego i Marka Ludwiga.<\/p>\n<p data-start=\"2116\" data-end=\"2320\">To nie jest zwyk\u0142y modlitewnik, ale zaproszenie do odkrycia swojej warto\u015bci i godno\u015bci. Autorzy prowadz\u0105 czytelniczk\u0119 przez tajemnice r\u00f3\u017ca\u0144cowe, odczytuj\u0105c je na nowo w kontek\u015bcie kobiecych do\u015bwiadcze\u0144: potrzeby bycia wa\u017cn\u0105, budowania partnerstwa, prze\u017cywania macierzy\u0144stwa, ale te\u017c radzenia sobie ze wstydem, l\u0119kiem o przysz\u0142o\u015b\u0107 czy zranion\u0105 seksualno\u015bci\u0105. Maryja staje si\u0119 tu blisk\u0105 towarzyszk\u0105 &#8211; M\u0105dr\u0105 Kobiet\u0105, kt\u00f3ra uczy zaufania do intuicji i stawiania granic. Ksi\u0105\u017cka ta jest przewodnikiem po procesie dojrzewania &#8211; od dostrze\u017cenia swoich potrzeb, przez wzrost, a\u017c po dzielenie si\u0119 owocami \u017cycia. Pozw\u00f3l sobie na czu\u0142o\u015b\u0107, zdejmij maski perfekcjonizmu i odkryj, \u017ce Twoje \u017cycie jest darem. Rozkwitaj w M\u0105drej Kobieco\u015bci.<\/p>\n","protected":false},"excerpt":{"rendered":"<p>\u201eM\u0104DRA KOBIECO\u015a\u0106. EMPATYCZNE ROZWA\u017bANIA R\u00d3\u017bA\u0143CA \u015aWI\u0118TEGO\u201d \u2013 KOBIECO\u015a\u0106 W \u015aWIETLE EWANGELII Szukasz przestrzeni, w kt\u00f3rej wiara spotyka si\u0119 z psychologi\u0105, a modlitwa staje si\u0119 czu\u0142ym dialogiem z w\u0142asnym sercem? \u201eM\u0105dra Kobieco\u015b\u0107\u201d to wyj\u0105tkowa propozycja autorstwa Agnieszki Kozak (psychoterapeutki) oraz ksi\u0119\u017cy Piotra K\u0142onowskiego i Marka Ludwiga. To nie jest zwyk\u0142y modlitewnik, ale zaproszenie do odkrycia swojej [&hellip;]<\/p>\n","protected":false},"featured_media":70587,"comment_status":"closed","ping_status":"closed","template":"","meta":{"_acf_changed":false,"inline_featured_image":false},"product_brand":[],"product_cat":[15,112,114,124],"product_tag":[68],"class_list":{"0":"post-68103","1":"product","2":"type-product","3":"status-publish","4":"has-post-thumbnail","6":"product_cat-biblia-audio-superprodukcja","7":"product_cat-pendrive","8":"product_cat-prezenty","9":"product_cat-pierwsza_komunia","10":"product_tag-pendrive","12":"first","13":"instock","14":"featured","15":"taxable","16":"shipping-taxable","17":"purchasable","18":"product-type-simple"},"acf":[],"_links":{"self":[{"href":"https:\/\/bibliaaudio.pl\/sklep\/wp-json\/wp\/v2\/product\/68103","targetHints":{"allow":["GET"]}}],"collection":[{"href":"https:\/\/bibliaaudio.pl\/sklep\/wp-json\/wp\/v2\/product"}],"about":[{"href":"https:\/\/bibliaaudio.pl\/sklep\/wp-json\/wp\/v2\/types\/product"}],"replies":[{"embeddable":true,"href":"https:\/\/bibliaaudio.pl\/sklep\/wp-json\/wp\/v2\/comments?post=68103"}],"wp:featuredmedia":[{"embeddable":true,"href":"https:\/\/bibliaaudio.pl\/sklep\/wp-json\/wp\/v2\/media\/70587"}],"wp:attachment":[{"href":"https:\/\/bibliaaudio.pl\/sklep\/wp-json\/wp\/v2\/media?parent=68103"}],"wp:term":[{"taxonomy":"product_brand","embeddable":true,"href":"https:\/\/bibliaaudio.pl\/sklep\/wp-json\/wp\/v2\/product_brand?post=68103"},{"taxonomy":"product_cat","embeddable":true,"href":"https:\/\/bibliaaudio.pl\/sklep\/wp-json\/wp\/v2\/product_cat?post=68103"},{"taxonomy":"product_tag","embeddable":true,"href":"https:\/\/bibliaaudio.pl\/sklep\/wp-json\/wp\/v2\/product_tag?post=68103"}],"curies":[{"name":"wp","href":"https:\/\/api.w.org\/{rel}","templated":true}]}}