{"id":68410,"date":"2026-03-13T15:31:42","date_gmt":"2026-03-13T14:31:42","guid":{"rendered":"https:\/\/bibliaaudio.pl\/sklep\/?post_type=product&#038;p=68410"},"modified":"2026-04-21T10:29:01","modified_gmt":"2026-04-21T08:29:01","slug":"droga-swiatla-i-relacji","status":"publish","type":"product","link":"https:\/\/bibliaaudio.pl\/sklep\/droga-swiatla-i-relacji\/","title":{"rendered":"Droga \u015awiat\u0142a i Relacji. Empatyczne medytacje drogi \u015bwiat\u0142a"},"content":{"rendered":"<p style=\"text-align: center;\"><img loading=\"lazy\" decoding=\"async\" class=\"wp-image-9089 aligncenter\" src=\"https:\/\/bibliaaudio.pl\/sklep\/wp-content\/uploads\/2026\/02\/MD_LOGO-e1772017631179.png\" alt=\"\" width=\"600\" height=\"600\" \/><\/p>\n<h2 data-start=\"2058\" data-end=\"2114\"><b>BLASK SPOTKANIA. DROGA \u015aWIAT\u0141A I RELACJI W CODZIENNO\u015aCI<\/b><\/h2>\n<p data-start=\"2058\" data-end=\"2114\">Czy zdarza Ci si\u0119 sta\u0107 w t\u0142umie ludzi i czu\u0107 dojmuj\u0105c\u0105 samotno\u015b\u0107? Czy nosisz w sobie g\u0142\u00f3d bycia naprawd\u0119 zobaczonym, bez masek, bez konieczno\u015bci udawania kogo\u015b, kim nie jeste\u015b? <strong>Agnieszka Kozak<\/strong> wraz z ksi\u0119\u017cmi<strong> Piotrem K\u0142onowskim<\/strong> i <strong>Markiem Ludwigiem<\/strong>, zapraszaj\u0105 Ci\u0119 do przestrzeni, w kt\u00f3rej wiara nie jest zestawem regu\u0142, ale czu\u0142ym dialogiem o tym, co w nas \u017cywe.<\/p>\n<p data-start=\"2058\" data-end=\"2114\">\u201eDroga \u015awiat\u0142a i Relacji\u201d to nasycona empati\u0105 w\u0119dr\u00f3wka przez czterna\u015bcie stacji paschalnej rado\u015bci, kt\u00f3ra staje si\u0119 okazj\u0105 do przyjrzenia si\u0119 w\u0142asnym wi\u0119ziom. Autorzy z niezwyk\u0142\u0105 delikatno\u015bci\u0105 dotykaj\u0105 miejsc, w kt\u00f3rych boli nas l\u0119k przed odrzuceniem, wstyd czy trudno\u015b\u0107 w postawieniu zdrowych granic. Zmartwychwstanie zostaje tu odczytane jako proces wychodzenia z \u201egrobu\u201d izolacji ku \u017cyciu w autentycznej blisko\u015bci. To zaproszenie, by porzuci\u0107 l\u0119kow\u0105 potrzeb\u0119 bycia idealnym na rzecz odwagi bycia prawdziwym. Spotkania Jezusa z uczniami staj\u0105 si\u0119 tu lekcjami komunikacji serca, w kt\u00f3rych uczymy si\u0119, jak s\u0142ucha\u0107, by us\u0142ysze\u0107, i jak m\u00f3wi\u0107, by nie rani\u0107. Maryja i \u015bwiadkowie zmartwychwstania towarzysz\u0105 nam w odkrywaniu, \u017ce ka\u017cda relacja mo\u017ce by\u0107 bezpieczn\u0105 przystani\u0105, je\u015bli tylko pozwolimy sobie na bezbronno\u015b\u0107 i zaufanie.<\/p>\n<p data-start=\"2058\" data-end=\"2114\">Ta ksi\u0105\u017cka to przewodnik dla ka\u017cdego, kto t\u0119skni za partnerstwem opartym na szacunku i chce celebrowa\u0107 codzienno\u015b\u0107, w kt\u00f3rej drugi cz\u0142owiek nie jest zagro\u017ceniem, lecz darem. Pozw\u00f3l sobie na spotkanie, kt\u00f3re roz\u015bwietla mrok, i odkryj, \u017ce \u017cycie w relacji to najpi\u0119kniejsza droga do wolno\u015bci.<\/p>\n","protected":false},"excerpt":{"rendered":"<p>BLASK SPOTKANIA. DROGA \u015aWIAT\u0141A I RELACJI W CODZIENNO\u015aCI Czy zdarza Ci si\u0119 sta\u0107 w t\u0142umie ludzi i czu\u0107 dojmuj\u0105c\u0105 samotno\u015b\u0107? Czy nosisz w sobie g\u0142\u00f3d bycia naprawd\u0119 zobaczonym, bez masek, bez konieczno\u015bci udawania kogo\u015b, kim nie jeste\u015b? Agnieszka Kozak wraz z ksi\u0119\u017cmi Piotrem K\u0142onowskim i Markiem Ludwigiem, zapraszaj\u0105 Ci\u0119 do przestrzeni, w kt\u00f3rej wiara nie [&hellip;]<\/p>\n","protected":false},"featured_media":70583,"comment_status":"closed","ping_status":"closed","template":"","meta":{"_acf_changed":false,"inline_featured_image":false},"product_brand":[],"product_cat":[15,112,114,124],"product_tag":[68],"class_list":{"0":"post-68410","1":"product","2":"type-product","3":"status-publish","4":"has-post-thumbnail","6":"product_cat-biblia-audio-superprodukcja","7":"product_cat-pendrive","8":"product_cat-prezenty","9":"product_cat-pierwsza_komunia","10":"product_tag-pendrive","12":"first","13":"instock","14":"featured","15":"taxable","16":"shipping-taxable","17":"purchasable","18":"product-type-simple"},"acf":[],"_links":{"self":[{"href":"https:\/\/bibliaaudio.pl\/sklep\/wp-json\/wp\/v2\/product\/68410","targetHints":{"allow":["GET"]}}],"collection":[{"href":"https:\/\/bibliaaudio.pl\/sklep\/wp-json\/wp\/v2\/product"}],"about":[{"href":"https:\/\/bibliaaudio.pl\/sklep\/wp-json\/wp\/v2\/types\/product"}],"replies":[{"embeddable":true,"href":"https:\/\/bibliaaudio.pl\/sklep\/wp-json\/wp\/v2\/comments?post=68410"}],"wp:featuredmedia":[{"embeddable":true,"href":"https:\/\/bibliaaudio.pl\/sklep\/wp-json\/wp\/v2\/media\/70583"}],"wp:attachment":[{"href":"https:\/\/bibliaaudio.pl\/sklep\/wp-json\/wp\/v2\/media?parent=68410"}],"wp:term":[{"taxonomy":"product_brand","embeddable":true,"href":"https:\/\/bibliaaudio.pl\/sklep\/wp-json\/wp\/v2\/product_brand?post=68410"},{"taxonomy":"product_cat","embeddable":true,"href":"https:\/\/bibliaaudio.pl\/sklep\/wp-json\/wp\/v2\/product_cat?post=68410"},{"taxonomy":"product_tag","embeddable":true,"href":"https:\/\/bibliaaudio.pl\/sklep\/wp-json\/wp\/v2\/product_tag?post=68410"}],"curies":[{"name":"wp","href":"https:\/\/api.w.org\/{rel}","templated":true}]}}