{"id":68416,"date":"2026-03-13T16:02:22","date_gmt":"2026-03-13T15:02:22","guid":{"rendered":"https:\/\/bibliaaudio.pl\/sklep\/?post_type=product&#038;p=68416"},"modified":"2026-04-22T22:07:34","modified_gmt":"2026-04-22T20:07:34","slug":"zestaw-lifetime-droga-swiatla-i-relacji","status":"publish","type":"product","link":"https:\/\/bibliaaudio.pl\/sklep\/zestaw-lifetime-droga-swiatla-i-relacji\/","title":{"rendered":"ZESTAW: Do\u017cywotni dost\u0119p do aplikacji + ksi\u0105\u017cka &#8222;Droga \u015awiat\u0142a i Relacji&#8221;"},"content":{"rendered":"<p style=\"text-align: center;\"><img loading=\"lazy\" decoding=\"async\" class=\"wp-image-9089 aligncenter\" src=\"https:\/\/bibliaaudio.pl\/sklep\/wp-content\/uploads\/2026\/02\/MD_LOGO-e1772017631179.png\" alt=\"\" width=\"600\" height=\"600\" \/><\/p>\n<h2 data-start=\"234\" data-end=\"283\"><strong data-start=\"237\" data-end=\"283\">ZESTAW: <\/strong><strong data-start=\"289\" data-end=\"371\">Do\u017cywotni dost\u0119p do aplikacji Biblia Audio (Stary i Nowy Testament) + ksi\u0105\u017cka \u201eDroga \u015awiat\u0142a i Relacji\u201d<\/strong><\/h2>\n<p data-start=\"373\" data-end=\"490\">Chrze\u015bcija\u0144stwo nie jest tylko zbiorem zasad. Jest przede wszystkim <strong data-start=\"441\" data-end=\"489\">spotkaniem z Bogiem i z drugim cz\u0142owiekiem<\/strong>. Ten zestaw pomaga prze\u017cywa\u0107 wiar\u0119 w\u0142a\u015bnie w taki spos\u00f3b: jako drog\u0119, kt\u00f3ra prowadzi od s\u0142uchania S\u0142owa Bo\u017cego do budowania prawdziwych, dojrza\u0142ych relacji.<\/p>\n<p>W zestawie otrzymujesz:<\/p>\n<ul>\n<li data-start=\"649\" data-end=\"834\">do\u017cywotni dost\u0119p do Starego i Nowego Testamentu w aplikacji Biblia Audio (kod cyfrowy)<\/li>\n<li data-start=\"649\" data-end=\"834\">ksi\u0105\u017ck\u0119 \u201eDroga \u015awiat\u0142a i Relacji\u201d w wersji papierowej (wysy\u0142an\u0105 poczt\u0105)<\/li>\n<\/ul>\n<p data-start=\"836\" data-end=\"960\">To propozycja dla os\u00f3b, kt\u00f3re chc\u0105 <strong data-start=\"871\" data-end=\"960\">pog\u0142\u0119bia\u0107 relacj\u0119 z Jezusem i uczy\u0107 si\u0119 patrze\u0107 na swoje relacje w \u015bwietle Ewangelii.<\/strong><\/p>\n<h2 data-start=\"967\" data-end=\"1021\"><strong data-start=\"970\" data-end=\"1021\">BIBLIA AUDIO \u2013 S\u0141OWO BO\u017bE W TWOJEJ CODZIENNO\u015aCI<\/strong><\/h2>\n<p data-start=\"1023\" data-end=\"1185\">S\u0142owo Bo\u017ce ma moc przemienia\u0107 serce. Dlatego tak wa\u017cne jest, aby by\u0142o obecne w codziennym \u017cyciu, a nie tylko w ko\u015bciele czy podczas szczeg\u00f3lnych moment\u00f3w modlitwy.\u00a0Aplikacja Biblia Audio pozwala s\u0142ucha\u0107 <strong data-start=\"1241\" data-end=\"1296\">ca\u0142ego Pisma \u015awi\u0119tego<\/strong> w formie profesjonalnego s\u0142uchowiska z wykorzystaniem technologii d\u017awi\u0119ku 3D.\u00a0Dzi\u0119ki temu historia zbawienia staje si\u0119 \u017cywa i bliska.\u00a0<strong data-start=\"1435\" data-end=\"1531\">Jednorazowa op\u0142ata daje Ci do\u017cywotni dost\u0119p do wszystkich nagra\u0144 Starego i Nowego Testamentu.<\/strong><\/p>\n<p data-start=\"1533\" data-end=\"1548\">Mo\u017cesz s\u0142ucha\u0107:<\/p>\n<ul>\n<li data-start=\"1551\" data-end=\"1569\">w drodze do pracy,<\/li>\n<li data-start=\"1551\" data-end=\"1569\">podczas spaceru,<\/li>\n<li data-start=\"1591\" data-end=\"1619\">w czasie modlitwy osobistej,<\/li>\n<li data-start=\"1622\" data-end=\"1664\">przygotowuj\u0105c si\u0119 do niedzielnej liturgii.<\/li>\n<\/ul>\n<h2 data-start=\"1908\" data-end=\"1962\"><strong data-start=\"1911\" data-end=\"1962\">\u201eDROGA \u015aWIAT\u0141A I RELACJI. EMPATYCZNE MEDYTACJE DROGI \u015aWIAT\u0141A\u201d<\/strong><\/h2>\n<p data-start=\"1964\" data-end=\"2207\">Ksi\u0105\u017cka \u201eDroga \u015awiat\u0142a i Relacji\u201d autorstwa <span class=\"hover:entity-accent entity-underline inline cursor-pointer align-baseline\"><span class=\"whitespace-normal\">Agnieszki Kozak<\/span><\/span>, napisana we wsp\u00f3\u0142pracy z ks. Piotrem K\u0142onowskim i ks. Markiem Ludwigiem, jest zaproszeniem do odkrycia, \u017ce <strong data-start=\"2154\" data-end=\"2206\">wiara chrze\u015bcija\u0144ska prowadzi do \u017cycia w relacji<\/strong>.<\/p>\n<p data-start=\"1964\" data-end=\"2207\">To nasycona empati\u0105 w\u0119dr\u00f3wka przez czterna\u015bcie stacji paschalnej rado\u015bci, kt\u00f3ra staje si\u0119 okazj\u0105 do przyjrzenia si\u0119 w\u0142asnym wi\u0119ziom. Autorzy z niezwyk\u0142\u0105 delikatno\u015bci\u0105 dotykaj\u0105 miejsc, w kt\u00f3rych boli nas l\u0119k przed odrzuceniem, wstyd czy trudno\u015b\u0107 w postawieniu zdrowych granic. <strong>Zmartwychwstanie zostaje tu odczytane jako proces wychodzenia z \u201egrobu\u201d izolacji ku \u017cyciu w autentycznej blisko\u015bci.<\/strong> To zaproszenie, by porzuci\u0107 l\u0119kow\u0105 potrzeb\u0119 bycia idealnym na rzecz odwagi bycia prawdziwym. Spotkania Jezusa z uczniami staj\u0105 si\u0119 tu lekcjami komunikacji serca, w kt\u00f3rych uczymy si\u0119, jak s\u0142ucha\u0107, by us\u0142ysze\u0107, i jak m\u00f3wi\u0107, by nie rani\u0107. Maryja i \u015bwiadkowie zmartwychwstania towarzysz\u0105 nam w odkrywaniu, \u017ce ka\u017cda relacja mo\u017ce by\u0107 bezpieczn\u0105 przystani\u0105, je\u015bli tylko pozwolimy sobie na bezbronno\u015b\u0107 i zaufanie.<\/p>\n<div id=\"product-68410\" class=\"product type-product post-68410 status-publish first instock product_cat-biblia-audio-superprodukcja product_cat-pendrive product_cat-prezenty product_cat-pierwsza_komunia product_tag-pendrive has-post-thumbnail featured taxable shipping-taxable purchasable product-type-simple\">\n<section id=\"product_desc\">\n<p data-start=\"2058\" data-end=\"2114\">Ta ksi\u0105\u017cka to przewodnik dla ka\u017cdego, kto t\u0119skni za partnerstwem opartym na szacunku i chce celebrowa\u0107 codzienno\u015b\u0107, w kt\u00f3rej drugi cz\u0142owiek nie jest zagro\u017ceniem, lecz darem. <strong>Pozw\u00f3l sobie na spotkanie, kt\u00f3re roz\u015bwietla mrok, i odkryj, \u017ce \u017cycie w relacji to najpi\u0119kniejsza droga do wolno\u015bci.<\/strong><\/p>\n<\/section>\n<\/div>\n<p>&nbsp;<\/p>\n","protected":false},"excerpt":{"rendered":"<p>ZESTAW: Do\u017cywotni dost\u0119p do aplikacji Biblia Audio (Stary i Nowy Testament) + ksi\u0105\u017cka \u201eDroga \u015awiat\u0142a i Relacji\u201d Chrze\u015bcija\u0144stwo nie jest tylko zbiorem zasad. Jest przede wszystkim spotkaniem z Bogiem i z drugim cz\u0142owiekiem. Ten zestaw pomaga prze\u017cywa\u0107 wiar\u0119 w\u0142a\u015bnie w taki spos\u00f3b: jako drog\u0119, kt\u00f3ra prowadzi od s\u0142uchania S\u0142owa Bo\u017cego do budowania prawdziwych, dojrza\u0142ych relacji. [&hellip;]<\/p>\n","protected":false},"featured_media":70582,"comment_status":"closed","ping_status":"closed","template":"","meta":{"_acf_changed":false,"inline_featured_image":false},"product_brand":[],"product_cat":[15,113,114,74],"product_tag":[88,89,87,90],"class_list":{"0":"post-68416","1":"product","2":"type-product","3":"status-publish","4":"has-post-thumbnail","6":"product_cat-biblia-audio-superprodukcja","7":"product_cat-aplikacja-mobilna","8":"product_cat-prezenty","9":"product_cat-zestawy","10":"product_tag-aplikacja","11":"product_tag-dozywotnia","12":"product_tag-kod","13":"product_tag-lifetime","15":"first","16":"instock","17":"taxable","18":"shipping-taxable","19":"purchasable","20":"product-type-simple"},"acf":[],"_links":{"self":[{"href":"https:\/\/bibliaaudio.pl\/sklep\/wp-json\/wp\/v2\/product\/68416","targetHints":{"allow":["GET"]}}],"collection":[{"href":"https:\/\/bibliaaudio.pl\/sklep\/wp-json\/wp\/v2\/product"}],"about":[{"href":"https:\/\/bibliaaudio.pl\/sklep\/wp-json\/wp\/v2\/types\/product"}],"replies":[{"embeddable":true,"href":"https:\/\/bibliaaudio.pl\/sklep\/wp-json\/wp\/v2\/comments?post=68416"}],"wp:featuredmedia":[{"embeddable":true,"href":"https:\/\/bibliaaudio.pl\/sklep\/wp-json\/wp\/v2\/media\/70582"}],"wp:attachment":[{"href":"https:\/\/bibliaaudio.pl\/sklep\/wp-json\/wp\/v2\/media?parent=68416"}],"wp:term":[{"taxonomy":"product_brand","embeddable":true,"href":"https:\/\/bibliaaudio.pl\/sklep\/wp-json\/wp\/v2\/product_brand?post=68416"},{"taxonomy":"product_cat","embeddable":true,"href":"https:\/\/bibliaaudio.pl\/sklep\/wp-json\/wp\/v2\/product_cat?post=68416"},{"taxonomy":"product_tag","embeddable":true,"href":"https:\/\/bibliaaudio.pl\/sklep\/wp-json\/wp\/v2\/product_tag?post=68416"}],"curies":[{"name":"wp","href":"https:\/\/api.w.org\/{rel}","templated":true}]}}