{"id":8718,"date":"2022-11-04T17:47:26","date_gmt":"2022-11-04T16:47:26","guid":{"rendered":"https:\/\/bibliaaudio.pl\/sklep\/?post_type=product&#038;p=8718"},"modified":"2026-04-13T02:00:25","modified_gmt":"2026-04-13T00:00:25","slug":"kod-do-aplikacji-biblia-audio-dozywotni","status":"publish","type":"product","link":"https:\/\/bibliaaudio.pl\/sklep\/kod-do-aplikacji-biblia-audio-dozywotni\/","title":{"rendered":"Do\u017cywotni dost\u0119p do aplikacji"},"content":{"rendered":"<h3>S\u0142uchaj Biblii w nowym wymiarze \u2013 zawsze, wsz\u0119dzie, bez ogranicze\u0144<\/h3>\n<p>Otrzymaj nieograniczony dost\u0119p do najwy\u017cszej jako\u015bci nagra\u0144 Pisma \u015awi\u0119tego w unikalnej formie s\u0142uchowiska. Dzi\u0119ki d\u017awi\u0119kowi 3D i profesjonalnym aktorom g\u0142osowym, Biblia staje si\u0119 wci\u0105gaj\u0105cym do\u015bwiadczeniem, kt\u00f3re mo\u017cesz mie\u0107 zawsze przy sobie.<\/p>\n<h3>Dlaczego warto wybra\u0107 do\u017cywotni dost\u0119p?<\/h3>\n<ul>\n<li>Jednorazowa op\u0142ata za pe\u0142ne nagrania Starego i Nowego Testamentu \u2013 bez limit\u00f3w<\/li>\n<li>S\u0142uchaj na telefonie lub tablecie \u2013 gdziekolwiek jeste\u015b<\/li>\n<li>Bez reklam, tylko Ty i S\u0142owo Bo\u017ce<\/li>\n<\/ul>\n<h2>Podaruj wyj\u0105tkowy prezent<\/h2>\n<p>Zaskocz swoich bliskich unikalnym prezentem, kt\u00f3ry \u0142\u0105czy wiar\u0119 z nowoczesno\u015bci\u0105. Podaruj do\u017cywotni kod do aplikacji Biblia Audio Superprodukcja, kt\u00f3ry umo\u017cliwi im nieko\u0144cz\u0105c\u0105 si\u0119 podr\u00f3\u017c przez inspiruj\u0105ce nagrania Pisma \u015awi\u0119tego.<\/p>\n<h3>Jak dzia\u0142a zakup na prezent?<\/h3>\n<p>Wystarczy, \u017ce w koszyku wpiszesz imi\u0119 oraz adres e-mail odbiorcy. Elegancka kartka z kodem prezentowym zostanie automatycznie wys\u0142ana na jego skrzynk\u0119 \u2013 szybko, bez zb\u0119dnych formalno\u015bci i stresu o dostaw\u0119.<\/p>\n<p>Chcesz wys\u0142a\u0107 kartk\u0119 osobi\u015bcie? \u017baden problem! Wpisz w koszyku imi\u0119 osoby obdarowanej oraz sw\u00f3j adres email. Kartka zostanie wys\u0142ana do Ciebie, aby\u015b w dogodnym momencie m\u00f3g\u0142 przes\u0142a\u0107 j\u0105 dalej lub wydrukowa\u0107 i wr\u0119czy\u0107 osobi\u015bcie.<\/p>\n<h3>Dlaczego to idealny prezent?<\/h3>\n<ul>\n<li><strong>B\u0142yskawiczna dostawa:<\/strong> Idealne rozwi\u0105zanie na prezent last minute.<\/li>\n<li><strong>Bezproblemowa wysy\u0142ka:<\/strong> Ca\u0142o\u015b\u0107 odbywa si\u0119 online \u2013 bez czekania na przesy\u0142k\u0119.<\/li>\n<li><strong>Niebanalny pomys\u0142:<\/strong> Aplikacja pe\u0142na inspiracji, emocji i duchowej g\u0142\u0119bi to prezent, kt\u00f3ry zostaje na ca\u0142e \u017cycie.<\/li>\n<\/ul>\n","protected":false},"excerpt":{"rendered":"<p>S\u0142uchaj Biblii w nowym wymiarze \u2013 zawsze, wsz\u0119dzie, bez ogranicze\u0144 Otrzymaj nieograniczony dost\u0119p do najwy\u017cszej jako\u015bci nagra\u0144 Pisma \u015awi\u0119tego w unikalnej formie s\u0142uchowiska. Dzi\u0119ki d\u017awi\u0119kowi 3D i profesjonalnym aktorom g\u0142osowym, Biblia staje si\u0119 wci\u0105gaj\u0105cym do\u015bwiadczeniem, kt\u00f3re mo\u017cesz mie\u0107 zawsze przy sobie. Dlaczego warto wybra\u0107 do\u017cywotni dost\u0119p? Jednorazowa op\u0142ata za pe\u0142ne nagrania Starego i Nowego Testamentu [&hellip;]<\/p>\n","protected":false},"featured_media":70585,"comment_status":"closed","ping_status":"closed","template":"","meta":{"_acf_changed":false,"inline_featured_image":false},"product_brand":[],"product_cat":[15,113,86,114,124],"product_tag":[88,89,87,90],"class_list":{"0":"post-8718","1":"product","2":"type-product","3":"status-publish","4":"has-post-thumbnail","6":"lektorzy-adam-woronowicz","7":"lektorzy-anna-dymna","8":"lektorzy-anna-polony","9":"lektorzy-anna-seniuk","10":"lektorzy-antoni-pawlicki","11":"lektorzy-cezary-zak","12":"lektorzy-danuta-stenka","13":"lektorzy-edyta-olszowka","14":"lektorzy-franciszek-pieczka","15":"lektorzy-janusz-gajos","16":"lektorzy-jerzy-trela","17":"lektorzy-kinga-preis","18":"lektorzy-krzysztof-czeczot","19":"lektorzy-krzysztof-globisz","20":"lektorzy-malgorzata-kozuchowska","21":"lektorzy-marian-dziedziel","22":"lektorzy-milogost-reczek","23":"lektorzy-piotr-adamczyk","24":"lektorzy-piotr-polk","25":"lektorzy-robert-wieckiewicz","26":"lektorzy-roman-klosowski","27":"lektorzy-wojciech-malajkat","28":"product_cat-biblia-audio-superprodukcja","29":"product_cat-aplikacja-mobilna","30":"product_cat-kod-do-aplikacji","31":"product_cat-prezenty","32":"product_cat-pierwsza_komunia","33":"product_tag-aplikacja","34":"product_tag-dozywotnia","35":"product_tag-kod","36":"product_tag-lifetime","37":"product_shipping_class-mail","39":"first","40":"instock","41":"virtual","42":"taxable","43":"purchasable","44":"product-type-simple"},"acf":[],"_links":{"self":[{"href":"https:\/\/bibliaaudio.pl\/sklep\/wp-json\/wp\/v2\/product\/8718","targetHints":{"allow":["GET"]}}],"collection":[{"href":"https:\/\/bibliaaudio.pl\/sklep\/wp-json\/wp\/v2\/product"}],"about":[{"href":"https:\/\/bibliaaudio.pl\/sklep\/wp-json\/wp\/v2\/types\/product"}],"replies":[{"embeddable":true,"href":"https:\/\/bibliaaudio.pl\/sklep\/wp-json\/wp\/v2\/comments?post=8718"}],"wp:featuredmedia":[{"embeddable":true,"href":"https:\/\/bibliaaudio.pl\/sklep\/wp-json\/wp\/v2\/media\/70585"}],"wp:attachment":[{"href":"https:\/\/bibliaaudio.pl\/sklep\/wp-json\/wp\/v2\/media?parent=8718"}],"wp:term":[{"taxonomy":"product_brand","embeddable":true,"href":"https:\/\/bibliaaudio.pl\/sklep\/wp-json\/wp\/v2\/product_brand?post=8718"},{"taxonomy":"product_cat","embeddable":true,"href":"https:\/\/bibliaaudio.pl\/sklep\/wp-json\/wp\/v2\/product_cat?post=8718"},{"taxonomy":"product_tag","embeddable":true,"href":"https:\/\/bibliaaudio.pl\/sklep\/wp-json\/wp\/v2\/product_tag?post=8718"}],"curies":[{"name":"wp","href":"https:\/\/api.w.org\/{rel}","templated":true}]}}